{"id":3,"date":"2018-10-31T13:39:14","date_gmt":"2018-10-31T13:39:14","guid":{"rendered":"https:\/\/www.huventures.ch\/?page_id=3"},"modified":"2018-11-23T22:36:47","modified_gmt":"2018-11-23T21:36:47","slug":"datenschutzerklaerung","status":"publish","type":"page","link":"https:\/\/www.huventures.ch\/?page_id=3","title":{"rendered":"Datenschutzerkl\u00e4rung"},"content":{"rendered":"<h3>Wer wir sind<\/h3>\n<p>Die Adresse unserer Website ist: https:\/\/www.huventures.ch.<\/p>\n<h3>Welche personenbezogenen Daten wir speichern und warum wir sie speichern<\/h3>\n<p>Von registrierten Nutzern erfassen wir einen Namen oder Alias, sowie eine Emailadresse. Diese Daten sind notwendig, um sich auf der Seite anmelden zu k\u00f6nnen.<\/p>\n<p>Bei der Anmeldung auf dieser Website werden anonym die IP-Adresse, die Uhrzeit sowie der Status der Anmeldung (Erfolgreich\/Fehler) gespeichert. Dabei wird nicht gespeichert, welcher User sich gerade anmeldet.<\/p>\n<p>Dar\u00fcber hinaus speichern wir keinerlei personenbezogene Daten.<\/p>\n<h3>Cookies<\/h3>\n<p>Falls du ein Konto hast und dich auf dieser Website anmeldest, werden wir ein tempor\u00e4res Cookie setzen, um festzustellen, ob dein Browser Cookies akzeptiert. Dieses Cookie enth\u00e4lt keine personenbezogenen Daten und wird verworfen, wenn du deinen Browser schliesst.<\/p>\n<p>Wenn du dich anmeldest, werden wir einige Cookies einrichten, um deine Anmeldeinformationen und Anzeigeoptionen zu speichern. Anmelde-Cookies verfallen nach zwei Tagen und Cookies f\u00fcr die Anzeigeoptionen nach einem Jahr. Falls du bei der Anmeldung \u201eAngemeldet bleiben\u201c ausw\u00e4hlst, wird deine Anmeldung zwei Wochen lang aufrechterhalten. Mit der Abmeldung aus deinem Konto werden die Anmelde-Cookies gel\u00f6scht.<\/p>\n<p>Wenn du einen Artikel bearbeitest oder ver\u00f6ffentlichst, wird ein zus\u00e4tzlicher Cookie in deinem Browser gespeichert. Dieser Cookie enth\u00e4lt keine personenbezogenen Daten und verweist nur auf die Beitrags-ID des Artikels, den du gerade bearbeitet hast. Der Cookie verf\u00e4llt nach einem Tag.<\/p>\n<h4>Cookies von Drittanbietern<\/h4>\n<ul>\n<li>vesselfinder.com<\/li>\n<li>doubleclick.net (via vesselfinder.com)<\/li>\n<\/ul>\n<h3>Eingebettete Inhalte von anderen Websites<\/h3>\n<p>Beitr\u00e4ge auf dieser Website k\u00f6nnen eingebettete Inhalte beinhalten (z.\u00a0B. Videos, Bilder, Beitr\u00e4ge etc.). Eingebettete Inhalte von anderen Websites verhalten sich exakt so, als ob der Besucher die andere Website besucht h\u00e4tte.<\/p>\n<p>Diese Websites k\u00f6nnen Daten \u00fcber Sie sammeln, Cookies benutzen, zus\u00e4tzliche Tracking-Dienste von Dritten einbetten und Ihre Interaktion mit diesem eingebetteten Inhalt aufzeichnen, inklusive Ihrer Interaktion mit dem eingebetteten Inhalt, falls Sie ein Konto haben und auf dieser Website angemeldet sind.<\/p>\n<p>Wir haben Inhalte der folgenden Websites eingebunden:<\/p>\n<ul>\n<li>vesselfinder.com &#8211; zur Darstellung der Reiseroute unseres Schiffes<\/li>\n<li>accuweather.com &#8211; zur Darstellung des Wetterwidgets<\/li>\n<\/ul>\n<h3>Analysedienste<\/h3>\n<p>Wir verwenden keinerlei Analysedienste.<\/p>\n<h3>Mit wem wir Ihre Daten teilen<\/h3>\n<p>Die gespeicherten Daten werden nicht an Dritte weitergegeben.<\/p>\n<h3>Wie lange wir deine Daten speichern<\/h3>\n<p>F\u00fcr Benutzer, die auf unserer Website registriert sind, speichern wir zus\u00e4tzlich die pers\u00f6nlichen Informationen, die sie selbst in ihren Benutzerprofilen angeben. Alle Benutzer k\u00f6nnen jederzeit ihre pers\u00f6nlichen Informationen einsehen, ver\u00e4ndern oder l\u00f6schen (der Benutzername kann nicht ver\u00e4ndert werden). Administratoren der Website k\u00f6nnen diese Informationen ebenfalls einsehen und ver\u00e4ndern.<\/p>\n<h3>Welche Rechte Sie an Ihren Daten haben<\/h3>\n<p>Wer ein Konto auf dieser Website besitzt, kann einen Export seiner personenbezogenen Daten bei uns anfordern, inklusive aller Daten, die uns mitgeteilt wurden. Dar\u00fcber hinaus kann die L\u00f6schung aller personenbezogenen Daten, die wir von den Nutzern gespeichert haben, angefordert werden. Dies umfasst nicht die Daten, die wir aufgrund administrativer, rechtlicher oder sicherheitsrelevanter Notwendigkeiten aufbewahren m\u00fcssen.<\/p>\n<h3>Wohin wir Ihre Daten senden<\/h3>\n<p>Wir verwenden keine automatischen Tools, welche Daten auf andere Server senden.<\/p>\n<h3>Welche Massnahmen wir bei Datenschutzverletzungen anbieten<\/h3>\n<p>Kontaktiert uns per Email.<\/p>\n<h3>Von welchen Drittanbietern wir Daten erhalten<\/h3>\n<p>Wir erhalten keinerlei personenbezogenen Daten von Drittanbietern.<\/p>\n<h3>Fragen? Fragen!<\/h3>\n","protected":false},"excerpt":{"rendered":"<p>Wer wir sind Die Adresse unserer Website ist: https:\/\/www.huventures.ch. Welche personenbezogenen Daten wir speichern und warum wir sie speichern Von registrierten Nutzern erfassen wir einen Namen oder Alias, sowie eine Emailadresse. Diese Daten sind notwendig, um sich auf der Seite&#8230; <a href=\"https:\/\/www.huventures.ch\/?page_id=3\" class=\"readmore\">Read more<span class=\"screen-reader-text\">Datenschutzerkl\u00e4rung<\/span><span class=\"fa fa-angle-double-right\" aria-hidden=\"true\"><\/span><\/a><\/p>\n","protected":false},"author":2,"featured_media":0,"parent":0,"menu_order":0,"comment_status":"closed","ping_status":"open","template":"","meta":{"footnotes":""},"class_list":["post-3","page","type-page","status-publish","hentry"],"jetpack_sharing_enabled":true,"_links":{"self":[{"href":"https:\/\/www.huventures.ch\/index.php?rest_route=\/wp\/v2\/pages\/3","targetHints":{"allow":["GET"]}}],"collection":[{"href":"https:\/\/www.huventures.ch\/index.php?rest_route=\/wp\/v2\/pages"}],"about":[{"href":"https:\/\/www.huventures.ch\/index.php?rest_route=\/wp\/v2\/types\/page"}],"author":[{"embeddable":true,"href":"https:\/\/www.huventures.ch\/index.php?rest_route=\/wp\/v2\/users\/2"}],"replies":[{"embeddable":true,"href":"https:\/\/www.huventures.ch\/index.php?rest_route=%2Fwp%2Fv2%2Fcomments&post=3"}],"version-history":[{"count":10,"href":"https:\/\/www.huventures.ch\/index.php?rest_route=\/wp\/v2\/pages\/3\/revisions"}],"predecessor-version":[{"id":370,"href":"https:\/\/www.huventures.ch\/index.php?rest_route=\/wp\/v2\/pages\/3\/revisions\/370"}],"wp:attachment":[{"href":"https:\/\/www.huventures.ch\/index.php?rest_route=%2Fwp%2Fv2%2Fmedia&parent=3"}],"curies":[{"name":"wp","href":"https:\/\/api.w.org\/{rel}","templated":true}]}}